{"id":1580,"date":"2022-01-27T14:29:03","date_gmt":"2022-01-27T13:29:03","guid":{"rendered":"https:\/\/www.arctik.eu\/homepage\/"},"modified":"2024-04-12T11:15:29","modified_gmt":"2024-04-12T09:15:29","slug":"homepage","status":"publish","type":"page","link":"https:\/\/www.arctik.eu\/fr\/","title":{"rendered":"Homepage"},"content":{"rendered":"\t\t<div data-elementor-type=\"wp-page\" data-elementor-id=\"1580\" class=\"elementor elementor-1580\" data-elementor-post-type=\"page\">\n\t\t\t\t\t\t<section class=\"elementor-section elementor-top-section elementor-element elementor-element-a533f87 elementor-section-full_width elementor-section-height-default elementor-section-height-default\" data-id=\"a533f87\" data-element_type=\"section\">\n\t\t\t\t\t\t<div class=\"elementor-container elementor-column-gap-default\">\n\t\t\t\t\t<div class=\"elementor-column elementor-col-100 elementor-top-column elementor-element elementor-element-5f37e8b smallpt\" data-id=\"5f37e8b\" data-element_type=\"column\">\n\t\t\t<div class=\"elementor-widget-wrap elementor-element-populated\">\n\t\t\t\t\t\t<div class=\"elementor-element elementor-element-aed8680 elementor-widget elementor-widget-arctik-floating-content\" data-id=\"aed8680\" data-element_type=\"widget\" data-widget_type=\"arctik-floating-content.default\">\n\t\t\t\t<div class=\"elementor-widget-container\">\n\t\t\t\t\t<section class=\"picture-floating-content color-yellow curveno left txtTxt\"><div class=\"site\"><h2>Un pas dans la bonne direction<\/h2><\/div><div class=\"site flex\"><div class=\"content\"><h3>Vous souhaitez en savoir plus ?<\/h3><p>D\u00e9couvrez Arctik et toute son \u00e9quipe !<\/p><a href=\"fr\/agence\/\" class=\"btn\">\u00c0 propos<\/a><\/div><div class=\"content\"><p>Arctik montre le chemin vers un avenir plus durable. Nous racontons des histoires qui posent la question \"o\u00f9 allons-nous maintenant ?\", avec pour objectif d\u2019explorer de nouvelles voies toujours plus passionnantes. Nous informons les citoyens et leur donnons la parole pour qu\u2019ils construisent leur avenir. Nous aidons \u00e9galement les scientifiques \u00e0 d\u00e9velopper une vue d'ensemble qui leur permette de traduire des id\u00e9es novatrices en mesures politiques concr\u00e8tes, ou en v\u00e9ritables aventures entrepreneuriales.<\/p>\n\n<p>Nous croyons en ce que nous faisons. Nous ne faisons pas de <em>greenwashing<\/em>, bien au contraire\u00a0!<\/p><a href=\"https:\/\/www.arctik.eu\/wp-content\/uploads\/2023\/02\/Portfolio_Arctik_FR.pdf\" class=\"btn\">Notre portfolio<\/a><\/div><\/div><\/section>\t\t\t\t<\/div>\n\t\t\t\t<\/div>\n\t\t\t\t\t<\/div>\n\t\t<\/div>\n\t\t\t\t\t<\/div>\n\t\t<\/section>\n\t\t\t\t<\/div>\n\t\t","protected":false},"excerpt":{"rendered":"<p>Un pas dans la bonne direction Vous souhaitez en savoir plus ? D\u00e9couvrez Arctik et toute son \u00e9quipe ! \u00c0 propos Arctik montre le chemin vers un avenir plus durable. Nous racontons des histoires qui posent la question \u00ab\u00a0o\u00f9 allons-nous maintenant ?\u00a0\u00bb, avec pour objectif d\u2019explorer de nouvelles voies toujours plus passionnantes. Nous informons les [&hellip;]<\/p>\n","protected":false},"author":1,"featured_media":0,"parent":0,"menu_order":0,"comment_status":"closed","ping_status":"closed","template":"","meta":{"footnotes":""},"class_list":["post-1580","page","type-page","status-publish","hentry"],"acf":[],"yoast_head":"<!-- This site is optimized with the Yoast SEO Premium plugin v18.1 (Yoast SEO v26.3) - https:\/\/yoast.com\/wordpress\/plugins\/seo\/ -->\n<title>Arctik - Communication for Sustainability<\/title>\n<meta name=\"description\" content=\"Arctik is a public relations, communications and evaluation consultancy which specialises in European Affairs and Sustainability.\" \/>\n<meta name=\"robots\" content=\"index, follow, max-snippet:-1, max-image-preview:large, max-video-preview:-1\" \/>\n<link rel=\"canonical\" href=\"https:\/\/www.arctik.eu\/fr\/homepage\/\" \/>\n<meta property=\"og:locale\" content=\"fr_FR\" \/>\n<meta property=\"og:type\" content=\"article\" \/>\n<meta property=\"og:title\" content=\"Arctik\" \/>\n<meta property=\"og:description\" content=\"Arctik is a public relations, communications and evaluation consultancy which specialises in European Affairs and Sustainability.\" \/>\n<meta property=\"og:url\" content=\"https:\/\/www.arctik.eu\/fr\/homepage\/\" \/>\n<meta property=\"og:site_name\" content=\"Arctik\" \/>\n<meta property=\"article:modified_time\" content=\"2024-04-12T09:15:29+00:00\" \/>\n<meta property=\"og:image\" content=\"https:\/\/www.arctik.eu\/wp-content\/uploads\/2022\/03\/arctik-communication-social-network.jpg\" \/>\n\t<meta property=\"og:image:width\" content=\"1200\" \/>\n\t<meta property=\"og:image:height\" content=\"630\" \/>\n\t<meta property=\"og:image:type\" content=\"image\/jpeg\" \/>\n<meta name=\"twitter:card\" content=\"summary_large_image\" \/>\n<meta name=\"twitter:title\" content=\"Arctik\" \/>\n<meta name=\"twitter:description\" content=\"Arctik is a public relations, communications and evaluation consultancy which specialises in European Affairs and Sustainability.\" \/>\n<meta name=\"twitter:image\" content=\"https:\/\/www.arctik.eu\/wp-content\/uploads\/2022\/03\/arctik-communication-social-network.jpg\" \/>\n<meta name=\"twitter:label1\" content=\"Dur\u00e9e de lecture estim\u00e9e\" \/>\n\t<meta name=\"twitter:data1\" content=\"1 minute\" \/>\n<script type=\"application\/ld+json\" class=\"yoast-schema-graph\">{\"@context\":\"https:\/\/schema.org\",\"@graph\":[{\"@type\":\"WebPage\",\"@id\":\"https:\/\/www.arctik.eu\/fr\/homepage\/\",\"url\":\"https:\/\/www.arctik.eu\/fr\/homepage\/\",\"name\":\"Arctik - Communication for Sustainability\",\"isPartOf\":{\"@id\":\"https:\/\/www.arctik.eu\/#website\"},\"datePublished\":\"2022-01-27T13:29:03+00:00\",\"dateModified\":\"2024-04-12T09:15:29+00:00\",\"description\":\"Arctik is a public relations, communications and evaluation consultancy which specialises in European Affairs and Sustainability.\",\"breadcrumb\":{\"@id\":\"https:\/\/www.arctik.eu\/fr\/homepage\/#breadcrumb\"},\"inLanguage\":\"fr-FR\",\"potentialAction\":[{\"@type\":\"ReadAction\",\"target\":[\"https:\/\/www.arctik.eu\/fr\/homepage\/\"]}]},{\"@type\":\"BreadcrumbList\",\"@id\":\"https:\/\/www.arctik.eu\/fr\/homepage\/#breadcrumb\",\"itemListElement\":[{\"@type\":\"ListItem\",\"position\":1,\"name\":\"Home\",\"item\":\"https:\/\/www.arctik.eu\/fr\/homepage\/\"},{\"@type\":\"ListItem\",\"position\":2,\"name\":\"Homepage\"}]},{\"@type\":\"WebSite\",\"@id\":\"https:\/\/www.arctik.eu\/#website\",\"url\":\"https:\/\/www.arctik.eu\/\",\"name\":\"Arctik\",\"description\":\"Communication for sustainability\",\"publisher\":{\"@id\":\"https:\/\/www.arctik.eu\/#organization\"},\"potentialAction\":[{\"@type\":\"SearchAction\",\"target\":{\"@type\":\"EntryPoint\",\"urlTemplate\":\"https:\/\/www.arctik.eu\/?s={search_term_string}\"},\"query-input\":{\"@type\":\"PropertyValueSpecification\",\"valueRequired\":true,\"valueName\":\"search_term_string\"}}],\"inLanguage\":\"fr-FR\"},{\"@type\":\"Organization\",\"@id\":\"https:\/\/www.arctik.eu\/#organization\",\"name\":\"Arctik - Communication for Sustainability\",\"url\":\"https:\/\/www.arctik.eu\/\",\"logo\":{\"@type\":\"ImageObject\",\"inLanguage\":\"fr-FR\",\"@id\":\"https:\/\/www.arctik.eu\/#\/schema\/logo\/image\/\",\"url\":\"https:\/\/www.arctik.eu\/wp-content\/uploads\/2022\/03\/arctik-communication-social-network.jpg\",\"contentUrl\":\"https:\/\/www.arctik.eu\/wp-content\/uploads\/2022\/03\/arctik-communication-social-network.jpg\",\"width\":1200,\"height\":630,\"caption\":\"Arctik - Communication for Sustainability\"},\"image\":{\"@id\":\"https:\/\/www.arctik.eu\/#\/schema\/logo\/image\/\"}}]}<\/script>\n<!-- \/ Yoast SEO Premium plugin. -->","yoast_head_json":{"title":"Arctik - Communication for Sustainability","description":"Arctik is a public relations, communications and evaluation consultancy which specialises in European Affairs and Sustainability.","robots":{"index":"index","follow":"follow","max-snippet":"max-snippet:-1","max-image-preview":"max-image-preview:large","max-video-preview":"max-video-preview:-1"},"canonical":"https:\/\/www.arctik.eu\/fr\/homepage\/","og_locale":"fr_FR","og_type":"article","og_title":"Arctik","og_description":"Arctik is a public relations, communications and evaluation consultancy which specialises in European Affairs and Sustainability.","og_url":"https:\/\/www.arctik.eu\/fr\/homepage\/","og_site_name":"Arctik","article_modified_time":"2024-04-12T09:15:29+00:00","og_image":[{"width":1200,"height":630,"url":"https:\/\/www.arctik.eu\/wp-content\/uploads\/2022\/03\/arctik-communication-social-network.jpg","type":"image\/jpeg"}],"twitter_card":"summary_large_image","twitter_title":"Arctik","twitter_description":"Arctik is a public relations, communications and evaluation consultancy which specialises in European Affairs and Sustainability.","twitter_image":"https:\/\/www.arctik.eu\/wp-content\/uploads\/2022\/03\/arctik-communication-social-network.jpg","twitter_misc":{"Dur\u00e9e de lecture estim\u00e9e":"1 minute"},"schema":{"@context":"https:\/\/schema.org","@graph":[{"@type":"WebPage","@id":"https:\/\/www.arctik.eu\/fr\/homepage\/","url":"https:\/\/www.arctik.eu\/fr\/homepage\/","name":"Arctik - Communication for Sustainability","isPartOf":{"@id":"https:\/\/www.arctik.eu\/#website"},"datePublished":"2022-01-27T13:29:03+00:00","dateModified":"2024-04-12T09:15:29+00:00","description":"Arctik is a public relations, communications and evaluation consultancy which specialises in European Affairs and Sustainability.","breadcrumb":{"@id":"https:\/\/www.arctik.eu\/fr\/homepage\/#breadcrumb"},"inLanguage":"fr-FR","potentialAction":[{"@type":"ReadAction","target":["https:\/\/www.arctik.eu\/fr\/homepage\/"]}]},{"@type":"BreadcrumbList","@id":"https:\/\/www.arctik.eu\/fr\/homepage\/#breadcrumb","itemListElement":[{"@type":"ListItem","position":1,"name":"Home","item":"https:\/\/www.arctik.eu\/fr\/homepage\/"},{"@type":"ListItem","position":2,"name":"Homepage"}]},{"@type":"WebSite","@id":"https:\/\/www.arctik.eu\/#website","url":"https:\/\/www.arctik.eu\/","name":"Arctik","description":"Communication for sustainability","publisher":{"@id":"https:\/\/www.arctik.eu\/#organization"},"potentialAction":[{"@type":"SearchAction","target":{"@type":"EntryPoint","urlTemplate":"https:\/\/www.arctik.eu\/?s={search_term_string}"},"query-input":{"@type":"PropertyValueSpecification","valueRequired":true,"valueName":"search_term_string"}}],"inLanguage":"fr-FR"},{"@type":"Organization","@id":"https:\/\/www.arctik.eu\/#organization","name":"Arctik - Communication for Sustainability","url":"https:\/\/www.arctik.eu\/","logo":{"@type":"ImageObject","inLanguage":"fr-FR","@id":"https:\/\/www.arctik.eu\/#\/schema\/logo\/image\/","url":"https:\/\/www.arctik.eu\/wp-content\/uploads\/2022\/03\/arctik-communication-social-network.jpg","contentUrl":"https:\/\/www.arctik.eu\/wp-content\/uploads\/2022\/03\/arctik-communication-social-network.jpg","width":1200,"height":630,"caption":"Arctik - Communication for Sustainability"},"image":{"@id":"https:\/\/www.arctik.eu\/#\/schema\/logo\/image\/"}}]}},"_links":{"self":[{"href":"https:\/\/www.arctik.eu\/fr\/wp-json\/wp\/v2\/pages\/1580","targetHints":{"allow":["GET"]}}],"collection":[{"href":"https:\/\/www.arctik.eu\/fr\/wp-json\/wp\/v2\/pages"}],"about":[{"href":"https:\/\/www.arctik.eu\/fr\/wp-json\/wp\/v2\/types\/page"}],"author":[{"embeddable":true,"href":"https:\/\/www.arctik.eu\/fr\/wp-json\/wp\/v2\/users\/1"}],"replies":[{"embeddable":true,"href":"https:\/\/www.arctik.eu\/fr\/wp-json\/wp\/v2\/comments?post=1580"}],"version-history":[{"count":28,"href":"https:\/\/www.arctik.eu\/fr\/wp-json\/wp\/v2\/pages\/1580\/revisions"}],"predecessor-version":[{"id":3267,"href":"https:\/\/www.arctik.eu\/fr\/wp-json\/wp\/v2\/pages\/1580\/revisions\/3267"}],"wp:attachment":[{"href":"https:\/\/www.arctik.eu\/fr\/wp-json\/wp\/v2\/media?parent=1580"}],"curies":[{"name":"wp","href":"https:\/\/api.w.org\/{rel}","templated":true}]}}