{"id":1596,"date":"2021-03-23T12:59:59","date_gmt":"2021-03-23T11:59:59","guid":{"rendered":"https:\/\/www.arctik.eu\/about-us\/"},"modified":"2023-02-13T17:17:06","modified_gmt":"2023-02-13T16:17:06","slug":"agence","status":"publish","type":"page","link":"https:\/\/www.arctik.eu\/fr\/agence\/","title":{"rendered":"L&rsquo;agence"},"content":{"rendered":"\t\t<div data-elementor-type=\"wp-page\" data-elementor-id=\"1596\" class=\"elementor elementor-1596\" data-elementor-post-type=\"page\">\n\t\t\t\t\t\t<section class=\"elementor-section elementor-top-section elementor-element elementor-element-9926202 elementor-section-full_width elementor-section-height-default elementor-section-height-default\" data-id=\"9926202\" data-element_type=\"section\">\n\t\t\t\t\t\t<div class=\"elementor-container elementor-column-gap-default\">\n\t\t\t\t\t<div class=\"elementor-column elementor-col-100 elementor-top-column elementor-element elementor-element-25c46fd\" data-id=\"25c46fd\" data-element_type=\"column\">\n\t\t\t<div class=\"elementor-widget-wrap elementor-element-populated\">\n\t\t\t\t\t\t<div class=\"elementor-element elementor-element-1a58c30 nopt elementor-widget elementor-widget-arctik-floating-content\" data-id=\"1a58c30\" data-element_type=\"widget\" data-widget_type=\"arctik-floating-content.default\">\n\t\t\t\t<div class=\"elementor-widget-container\">\n\t\t\t\t\t<section class=\"picture-floating-content color-red curveno right imgTxt\"><div class=\"site flex\"><figure><img decoding=\"async\" src=\"https:\/\/www.arctik.eu\/wp-content\/uploads\/2022\/01\/about-us-services.png\" title=\"\" alt=\"\" style=\"width: 56%\"><\/figure><div class=\"content\"><h3>S\u00e9rieusement cr\u00e9atifs !<\/h3><p>Nous sommes \u00e0 la fois r\u00eaveurs et chercheurs de solutions. Dans tout ce que nous entreprenons, nous associons imagination et r\u00e9flexion hors des sentiers battus, \u00e0 une approche factuelle et un \u00e9tat d'esprit ax\u00e9 sur l'action. Notre travail fait le lien direct entre strat\u00e9gie, contenu et canaux de distribution. Gr\u00e2ce \u00e0 notre \u00e9quipe d\u2019experts en strat\u00e9gie, r\u00e9daction de contenus, conception graphique et digitale, nous faisons de la communication sur mesure pour les institutions publiques, ONG et acteurs de la R&amp;D, couvrant une large palette de sujets durables.<\/p><a href=\"solutions\" class=\"btn\">Nos solutions<\/a><\/div><\/div><\/section>\t\t\t\t<\/div>\n\t\t\t\t<\/div>\n\t\t\t\t\t<\/div>\n\t\t<\/div>\n\t\t\t\t\t<\/div>\n\t\t<\/section>\n\t\t\t\t<section class=\"elementor-section elementor-top-section elementor-element elementor-element-95442bb elementor-section-boxed elementor-section-height-default elementor-section-height-default\" data-id=\"95442bb\" data-element_type=\"section\">\n\t\t\t\t\t\t<div class=\"elementor-container elementor-column-gap-default\">\n\t\t\t\t\t<div class=\"elementor-column elementor-col-100 elementor-top-column elementor-element elementor-element-36140dc\" data-id=\"36140dc\" data-element_type=\"column\">\n\t\t\t<div class=\"elementor-widget-wrap\">\n\t\t\t\t\t\t\t<\/div>\n\t\t<\/div>\n\t\t\t\t\t<\/div>\n\t\t<\/section>\n\t\t\t\t<section class=\"elementor-section elementor-top-section elementor-element elementor-element-03f4f09 elementor-section-full_width elementor-section-height-default elementor-section-height-default\" data-id=\"03f4f09\" data-element_type=\"section\">\n\t\t\t\t\t\t<div class=\"elementor-container elementor-column-gap-default\">\n\t\t\t\t\t<div class=\"elementor-column elementor-col-100 elementor-top-column elementor-element elementor-element-176a55b\" data-id=\"176a55b\" data-element_type=\"column\">\n\t\t\t<div class=\"elementor-widget-wrap elementor-element-populated\">\n\t\t\t\t\t\t<div class=\"elementor-element elementor-element-33ba345 elementor-widget elementor-widget-artick-slider-texte\" data-id=\"33ba345\" data-element_type=\"widget\" data-widget_type=\"artick-slider-texte.default\">\n\t\t\t\t<div class=\"elementor-widget-container\">\n\t\t\t\t\t<div class=\"include-curve color-green pb pt\"><svg version=\"1.1\" class=\"curve\" xmlns=\"http:\/\/www.w3.org\/2000\/svg\" xmlns:xlink=\"http:\/\/www.w3.org\/1999\/xlink\" x=\"0px\" y=\"0px\"\n\t viewBox=\"0 0 850.4 93.3\" style=\"enable-background:new 0 0 850.4 93.3;\" xml:space=\"preserve\">\n<path class=\"test\" d=\"M0,27c0,0,199.6,93.7,391.2,26.2S756.2-1.2,850.4,6v87.3H0V27z\"\/>\n<\/svg><div class=\"site\"><h2>Nos valeurs<\/h2><section class=\"slider-txt\"><section class=\"slideItem\" data-title=\"Imaginer demain\"><div class=\"flex\"><div class=\"container\"><h3>Imaginer demain<\/h3><p>Nous d\u00e9fendons le d\u00e9veloppement durable et l\u2019engagement environnemental \u00e0 travers des histoires inspirantes. Nous savons ce qui motive notre public et parlons la m\u00eame langue. Nos r\u00e9cits vont au-del\u00e0 du \u00ab\u00a0consommer moins\u00a0\u00bb et montrent de nouvelles fa\u00e7ons de mieux consommer, qui sont autant d\u2019opportunit\u00e9s passionnantes et de pistes cr\u00e9atives.<\/p><\/div><figure><img decoding=\"async\" src=\"https:\/\/www.arctik.eu\/wp-content\/uploads\/2022\/01\/imaging-tomorrow.png\"><\/figure><\/div><\/section><section class=\"slideItem\" data-title=\"Mati\u00e8re \u00e0 r\u00e9flexion\"><div class=\"flex\"><div class=\"container\"><h3>Mati\u00e8re \u00e0 r\u00e9flexion<\/h3><p>Nous voulons contribuer \u00e0 faire r\u00e9fl\u00e9chir les gens, qu\u2019ils se sentent concern\u00e9s et agissent au lieu de faire d\u00e9filer du contenu et des stories sur leurs \u00e9crans. C\u2019est pourquoi, nous recherchons toujours des angles \u00e0 la fois accrocheurs et cr\u00e9atifs, de fa\u00e7on \u00e0 faire passer le contenu avant le style.\u00a0<\/p><\/div><figure><img decoding=\"async\" src=\"https:\/\/www.arctik.eu\/wp-content\/uploads\/2022\/03\/Thought-provoking-design-arctik.png\"><\/figure><\/div><\/section><section class=\"slideItem\" data-title=\"Expertise strat\u00e9gique\"><div class=\"flex\"><div class=\"container\"><h3>Expertise strat\u00e9gique<\/h3><p>La strat\u00e9gie guide tout ce que nous faisons. Nous sommes des experts en analyse d\u2019audience et nous nous appuyons sur des donn\u00e9es comportementales pour inspirer le changement. Notre \u00e9quipe de cr\u00e9ateurs de contenus garde toujours un \u0153il attentif sur l\u2019actualit\u00e9 politique et n\u2019h\u00e9site pas \u00e0 faire appel \u00e0 l\u2019expertise de longue date de nos coll\u00e8gues du <a href=\"https:\/\/www.technopolis-group.com\/fr\/\">groupe Technopolis<\/a>.<\/p><\/div><figure><img decoding=\"async\" src=\"https:\/\/www.arctik.eu\/wp-content\/uploads\/2022\/03\/strategic-arctik-communication.png\"><\/figure><\/div><\/section><section class=\"slideItem\" data-title=\"Vision globale, solutions locales \"><div class=\"flex\"><div class=\"container\"><h3>Vision globale, solutions locales <\/h3><p>Nous pensons et mettons en \u0153uvre des actions de communication \u00e0 l\u2019\u00e9chelle locale, nationale et internationale. Parce que nos publics sont h\u00e9t\u00e9roclites, nous leur proposons des messages vari\u00e9s qui font directement \u00e9cho \u00e0 leur histoire personnelle. C\u2019est pourquoi, tout en communiquant sur des enjeux mondiaux, nous donnons la priorit\u00e9 au local.<\/p><\/div><figure><img decoding=\"async\" src=\"https:\/\/www.arctik.eu\/wp-content\/uploads\/2022\/03\/global-outlook-local-solution-arctik.png\"><\/figure><\/div><\/section><\/section><\/div><\/div>\t\t\t\t<\/div>\n\t\t\t\t<\/div>\n\t\t\t\t\t<\/div>\n\t\t<\/div>\n\t\t\t\t\t<\/div>\n\t\t<\/section>\n\t\t\t\t<section class=\"elementor-section elementor-top-section elementor-element elementor-element-d6adaeb elementor-section-full_width elementor-section-height-default elementor-section-height-default\" data-id=\"d6adaeb\" data-element_type=\"section\" data-settings=\"{&quot;background_background&quot;:&quot;classic&quot;,&quot;background_motion_fx_motion_fx_scrolling&quot;:&quot;yes&quot;,&quot;background_motion_fx_translateY_effect&quot;:&quot;yes&quot;,&quot;background_motion_fx_translateY_speed&quot;:{&quot;unit&quot;:&quot;px&quot;,&quot;size&quot;:4,&quot;sizes&quot;:[]},&quot;background_motion_fx_translateY_affectedRange&quot;:{&quot;unit&quot;:&quot;%&quot;,&quot;size&quot;:&quot;&quot;,&quot;sizes&quot;:{&quot;start&quot;:0,&quot;end&quot;:100}},&quot;background_motion_fx_devices&quot;:[&quot;desktop&quot;,&quot;tablet&quot;,&quot;mobile&quot;]}\">\n\t\t\t\t\t\t<div class=\"elementor-container elementor-column-gap-default\">\n\t\t\t\t\t<div class=\"elementor-column elementor-col-100 elementor-top-column elementor-element elementor-element-2b3b410 site\" data-id=\"2b3b410\" data-element_type=\"column\">\n\t\t\t<div class=\"elementor-widget-wrap elementor-element-populated\">\n\t\t\t\t\t\t<section class=\"elementor-section elementor-inner-section elementor-element elementor-element-cd2be1e elementor-section-boxed elementor-section-height-default elementor-section-height-default\" data-id=\"cd2be1e\" data-element_type=\"section\">\n\t\t\t\t\t\t<div class=\"elementor-container elementor-column-gap-default\">\n\t\t\t\t\t<div class=\"elementor-column elementor-col-50 elementor-inner-column elementor-element elementor-element-e52db49\" data-id=\"e52db49\" data-element_type=\"column\">\n\t\t\t<div class=\"elementor-widget-wrap elementor-element-populated\">\n\t\t\t\t\t\t<div class=\"elementor-element elementor-element-fa1f374 elementor-widget elementor-widget-image\" data-id=\"fa1f374\" data-element_type=\"widget\" data-widget_type=\"image.default\">\n\t\t\t\t<div class=\"elementor-widget-container\">\n\t\t\t\t\t\t\t\t\t\t\t\t\t\t\t<img fetchpriority=\"high\" decoding=\"async\" width=\"429\" height=\"620\" src=\"https:\/\/www.arctik.eu\/wp-content\/uploads\/2022\/01\/etiquette.png\" class=\"attachment-medium_large size-medium_large wp-image-77\" alt=\"\" srcset=\"https:\/\/www.arctik.eu\/wp-content\/uploads\/2022\/01\/etiquette.png 429w, https:\/\/www.arctik.eu\/wp-content\/uploads\/2022\/01\/etiquette-327x472.png 327w\" sizes=\"(max-width: 429px) 100vw, 429px\" \/>\t\t\t\t\t\t\t\t\t\t\t\t\t\t\t<\/div>\n\t\t\t\t<\/div>\n\t\t\t\t\t<\/div>\n\t\t<\/div>\n\t\t\t\t<div class=\"elementor-column elementor-col-50 elementor-inner-column elementor-element elementor-element-1213067\" data-id=\"1213067\" data-element_type=\"column\">\n\t\t\t<div class=\"elementor-widget-wrap elementor-element-populated\">\n\t\t\t\t\t\t<div class=\"elementor-element elementor-element-9fcaf40 elementor-widget elementor-widget-heading\" data-id=\"9fcaf40\" data-element_type=\"widget\" data-widget_type=\"heading.default\">\n\t\t\t\t<div class=\"elementor-widget-container\">\n\t\t\t\t\t<h3 class=\"elementor-heading-title elementor-size-default\">Vous aider oui, faire votre lessive, non!<\/h3>\t\t\t\t<\/div>\n\t\t\t\t<\/div>\n\t\t\t\t<div class=\"elementor-element elementor-element-a173e5e elementor-widget elementor-widget-text-editor\" data-id=\"a173e5e\" data-element_type=\"widget\" data-widget_type=\"text-editor.default\">\n\t\t\t\t<div class=\"elementor-widget-container\">\n\t\t\t\t\t\t\t\t\t<p>Nous ne croyons pas aux solutions toutes faites, et nous avons \u00e0 c\u0153ur de personnaliser chacune de nos id\u00e9es pour r\u00e9pondre pr\u00e9cis\u00e9ment aux besoins de nos clients. Nous proposons une grande vari\u00e9t\u00e9 de services sur mesure, mais le \u00ab\u00a0<em>greenwashing<\/em> \u00bb n&rsquo;en fait pas partie. Nous travaillons avec des institutions publiques, ONG, chercheurs, PME et acteurs industriels qui souhaitent r\u00e9ellement contribuer \u00e0 un changement positif.<\/p>\t\t\t\t\t\t\t\t<\/div>\n\t\t\t\t<\/div>\n\t\t\t\t\t<\/div>\n\t\t<\/div>\n\t\t\t\t\t<\/div>\n\t\t<\/section>\n\t\t\t\t\t<\/div>\n\t\t<\/div>\n\t\t\t\t\t<\/div>\n\t\t<\/section>\n\t\t\t\t<\/div>\n\t\t","protected":false},"excerpt":{"rendered":"<p>S\u00e9rieusement cr\u00e9atifs ! Nous sommes \u00e0 la fois r\u00eaveurs et chercheurs de solutions. Dans tout ce que nous entreprenons, nous associons imagination et r\u00e9flexion hors des sentiers battus, \u00e0 une approche factuelle et un \u00e9tat d&rsquo;esprit ax\u00e9 sur l&rsquo;action. Notre travail fait le lien direct entre strat\u00e9gie, contenu et canaux de distribution. Gr\u00e2ce \u00e0 notre [&hellip;]<\/p>\n","protected":false},"author":1,"featured_media":0,"parent":0,"menu_order":0,"comment_status":"closed","ping_status":"closed","template":"","meta":{"footnotes":""},"class_list":["post-1596","page","type-page","status-publish","hentry"],"acf":[],"yoast_head":"<!-- This site is optimized with the Yoast SEO Premium plugin v18.1 (Yoast SEO v26.3) - https:\/\/yoast.com\/wordpress\/plugins\/seo\/ -->\n<title>Arctik - About us<\/title>\n<meta name=\"description\" content=\"We\u2019re problem solvers. We combine imagination and outside-the-box thinking with evidence-based approaches and a getting-things-done mindset.\" \/>\n<meta name=\"robots\" content=\"index, follow, max-snippet:-1, max-image-preview:large, max-video-preview:-1\" \/>\n<link rel=\"canonical\" href=\"https:\/\/www.arctik.eu\/fr\/\" \/>\n<meta property=\"og:locale\" content=\"fr_FR\" \/>\n<meta property=\"og:type\" content=\"article\" \/>\n<meta property=\"og:title\" content=\"Arctik - About us\" \/>\n<meta property=\"og:description\" content=\"We\u2019re problem solvers. We combine imagination and outside-the-box thinking with evidence-based approaches and a getting-things-done mindset.\" \/>\n<meta property=\"og:url\" content=\"https:\/\/www.arctik.eu\/fr\/\" \/>\n<meta property=\"og:site_name\" content=\"Arctik\" \/>\n<meta property=\"article:modified_time\" content=\"2023-02-13T16:17:06+00:00\" \/>\n<meta property=\"og:image\" content=\"https:\/\/www.arctik.eu\/wp-content\/uploads\/2022\/03\/arctik-communication-social-network.jpg\" \/>\n\t<meta property=\"og:image:width\" content=\"1200\" \/>\n\t<meta property=\"og:image:height\" content=\"630\" \/>\n\t<meta property=\"og:image:type\" content=\"image\/jpeg\" \/>\n<meta name=\"twitter:card\" content=\"summary_large_image\" \/>\n<meta name=\"twitter:title\" content=\"Arctik - About us\" \/>\n<meta name=\"twitter:description\" content=\"We\u2019re problem solvers. We combine imagination and outside-the-box thinking with evidence-based approaches and a getting-things-done mindset.\" \/>\n<meta name=\"twitter:image\" content=\"https:\/\/www.arctik.eu\/wp-content\/uploads\/2022\/03\/arctik-communication-social-network.jpg\" \/>\n<meta name=\"twitter:label1\" content=\"Dur\u00e9e de lecture estim\u00e9e\" \/>\n\t<meta name=\"twitter:data1\" content=\"3 minutes\" \/>\n<script type=\"application\/ld+json\" class=\"yoast-schema-graph\">{\"@context\":\"https:\/\/schema.org\",\"@graph\":[{\"@type\":\"WebPage\",\"@id\":\"https:\/\/www.arctik.eu\/fr\/\",\"url\":\"https:\/\/www.arctik.eu\/fr\/\",\"name\":\"Arctik - About us\",\"isPartOf\":{\"@id\":\"https:\/\/www.arctik.eu\/#website\"},\"primaryImageOfPage\":{\"@id\":\"https:\/\/www.arctik.eu\/fr\/#primaryimage\"},\"image\":{\"@id\":\"https:\/\/www.arctik.eu\/fr\/#primaryimage\"},\"thumbnailUrl\":\"https:\/\/www.arctik.eu\/wp-content\/uploads\/2022\/01\/about-us-services.png\",\"datePublished\":\"2021-03-23T11:59:59+00:00\",\"dateModified\":\"2023-02-13T16:17:06+00:00\",\"description\":\"We\u2019re problem solvers. We combine imagination and outside-the-box thinking with evidence-based approaches and a getting-things-done mindset.\",\"breadcrumb\":{\"@id\":\"https:\/\/www.arctik.eu\/fr\/#breadcrumb\"},\"inLanguage\":\"fr-FR\",\"potentialAction\":[{\"@type\":\"ReadAction\",\"target\":[\"https:\/\/www.arctik.eu\/fr\/\"]}]},{\"@type\":\"ImageObject\",\"inLanguage\":\"fr-FR\",\"@id\":\"https:\/\/www.arctik.eu\/fr\/#primaryimage\",\"url\":\"https:\/\/www.arctik.eu\/wp-content\/uploads\/2022\/01\/about-us-services.png\",\"contentUrl\":\"https:\/\/www.arctik.eu\/wp-content\/uploads\/2022\/01\/about-us-services.png\"},{\"@type\":\"BreadcrumbList\",\"@id\":\"https:\/\/www.arctik.eu\/fr\/#breadcrumb\",\"itemListElement\":[{\"@type\":\"ListItem\",\"position\":1,\"name\":\"Home\",\"item\":\"https:\/\/www.arctik.eu\/fr\/homepage\/\"},{\"@type\":\"ListItem\",\"position\":2,\"name\":\"L&rsquo;agence\"}]},{\"@type\":\"WebSite\",\"@id\":\"https:\/\/www.arctik.eu\/#website\",\"url\":\"https:\/\/www.arctik.eu\/\",\"name\":\"Arctik\",\"description\":\"Communication for sustainability\",\"publisher\":{\"@id\":\"https:\/\/www.arctik.eu\/#organization\"},\"potentialAction\":[{\"@type\":\"SearchAction\",\"target\":{\"@type\":\"EntryPoint\",\"urlTemplate\":\"https:\/\/www.arctik.eu\/?s={search_term_string}\"},\"query-input\":{\"@type\":\"PropertyValueSpecification\",\"valueRequired\":true,\"valueName\":\"search_term_string\"}}],\"inLanguage\":\"fr-FR\"},{\"@type\":\"Organization\",\"@id\":\"https:\/\/www.arctik.eu\/#organization\",\"name\":\"Arctik - Communication for Sustainability\",\"url\":\"https:\/\/www.arctik.eu\/\",\"logo\":{\"@type\":\"ImageObject\",\"inLanguage\":\"fr-FR\",\"@id\":\"https:\/\/www.arctik.eu\/#\/schema\/logo\/image\/\",\"url\":\"https:\/\/www.arctik.eu\/wp-content\/uploads\/2022\/03\/arctik-communication-social-network.jpg\",\"contentUrl\":\"https:\/\/www.arctik.eu\/wp-content\/uploads\/2022\/03\/arctik-communication-social-network.jpg\",\"width\":1200,\"height\":630,\"caption\":\"Arctik - Communication for Sustainability\"},\"image\":{\"@id\":\"https:\/\/www.arctik.eu\/#\/schema\/logo\/image\/\"}}]}<\/script>\n<!-- \/ Yoast SEO Premium plugin. -->","yoast_head_json":{"title":"Arctik - About us","description":"We\u2019re problem solvers. We combine imagination and outside-the-box thinking with evidence-based approaches and a getting-things-done mindset.","robots":{"index":"index","follow":"follow","max-snippet":"max-snippet:-1","max-image-preview":"max-image-preview:large","max-video-preview":"max-video-preview:-1"},"canonical":"https:\/\/www.arctik.eu\/fr\/","og_locale":"fr_FR","og_type":"article","og_title":"Arctik - About us","og_description":"We\u2019re problem solvers. We combine imagination and outside-the-box thinking with evidence-based approaches and a getting-things-done mindset.","og_url":"https:\/\/www.arctik.eu\/fr\/","og_site_name":"Arctik","article_modified_time":"2023-02-13T16:17:06+00:00","og_image":[{"width":1200,"height":630,"url":"https:\/\/www.arctik.eu\/wp-content\/uploads\/2022\/03\/arctik-communication-social-network.jpg","type":"image\/jpeg"}],"twitter_card":"summary_large_image","twitter_title":"Arctik - About us","twitter_description":"We\u2019re problem solvers. We combine imagination and outside-the-box thinking with evidence-based approaches and a getting-things-done mindset.","twitter_image":"https:\/\/www.arctik.eu\/wp-content\/uploads\/2022\/03\/arctik-communication-social-network.jpg","twitter_misc":{"Dur\u00e9e de lecture estim\u00e9e":"3 minutes"},"schema":{"@context":"https:\/\/schema.org","@graph":[{"@type":"WebPage","@id":"https:\/\/www.arctik.eu\/fr\/","url":"https:\/\/www.arctik.eu\/fr\/","name":"Arctik - About us","isPartOf":{"@id":"https:\/\/www.arctik.eu\/#website"},"primaryImageOfPage":{"@id":"https:\/\/www.arctik.eu\/fr\/#primaryimage"},"image":{"@id":"https:\/\/www.arctik.eu\/fr\/#primaryimage"},"thumbnailUrl":"https:\/\/www.arctik.eu\/wp-content\/uploads\/2022\/01\/about-us-services.png","datePublished":"2021-03-23T11:59:59+00:00","dateModified":"2023-02-13T16:17:06+00:00","description":"We\u2019re problem solvers. We combine imagination and outside-the-box thinking with evidence-based approaches and a getting-things-done mindset.","breadcrumb":{"@id":"https:\/\/www.arctik.eu\/fr\/#breadcrumb"},"inLanguage":"fr-FR","potentialAction":[{"@type":"ReadAction","target":["https:\/\/www.arctik.eu\/fr\/"]}]},{"@type":"ImageObject","inLanguage":"fr-FR","@id":"https:\/\/www.arctik.eu\/fr\/#primaryimage","url":"https:\/\/www.arctik.eu\/wp-content\/uploads\/2022\/01\/about-us-services.png","contentUrl":"https:\/\/www.arctik.eu\/wp-content\/uploads\/2022\/01\/about-us-services.png"},{"@type":"BreadcrumbList","@id":"https:\/\/www.arctik.eu\/fr\/#breadcrumb","itemListElement":[{"@type":"ListItem","position":1,"name":"Home","item":"https:\/\/www.arctik.eu\/fr\/homepage\/"},{"@type":"ListItem","position":2,"name":"L&rsquo;agence"}]},{"@type":"WebSite","@id":"https:\/\/www.arctik.eu\/#website","url":"https:\/\/www.arctik.eu\/","name":"Arctik","description":"Communication for sustainability","publisher":{"@id":"https:\/\/www.arctik.eu\/#organization"},"potentialAction":[{"@type":"SearchAction","target":{"@type":"EntryPoint","urlTemplate":"https:\/\/www.arctik.eu\/?s={search_term_string}"},"query-input":{"@type":"PropertyValueSpecification","valueRequired":true,"valueName":"search_term_string"}}],"inLanguage":"fr-FR"},{"@type":"Organization","@id":"https:\/\/www.arctik.eu\/#organization","name":"Arctik - Communication for Sustainability","url":"https:\/\/www.arctik.eu\/","logo":{"@type":"ImageObject","inLanguage":"fr-FR","@id":"https:\/\/www.arctik.eu\/#\/schema\/logo\/image\/","url":"https:\/\/www.arctik.eu\/wp-content\/uploads\/2022\/03\/arctik-communication-social-network.jpg","contentUrl":"https:\/\/www.arctik.eu\/wp-content\/uploads\/2022\/03\/arctik-communication-social-network.jpg","width":1200,"height":630,"caption":"Arctik - Communication for Sustainability"},"image":{"@id":"https:\/\/www.arctik.eu\/#\/schema\/logo\/image\/"}}]}},"_links":{"self":[{"href":"https:\/\/www.arctik.eu\/fr\/wp-json\/wp\/v2\/pages\/1596","targetHints":{"allow":["GET"]}}],"collection":[{"href":"https:\/\/www.arctik.eu\/fr\/wp-json\/wp\/v2\/pages"}],"about":[{"href":"https:\/\/www.arctik.eu\/fr\/wp-json\/wp\/v2\/types\/page"}],"author":[{"embeddable":true,"href":"https:\/\/www.arctik.eu\/fr\/wp-json\/wp\/v2\/users\/1"}],"replies":[{"embeddable":true,"href":"https:\/\/www.arctik.eu\/fr\/wp-json\/wp\/v2\/comments?post=1596"}],"version-history":[{"count":43,"href":"https:\/\/www.arctik.eu\/fr\/wp-json\/wp\/v2\/pages\/1596\/revisions"}],"predecessor-version":[{"id":1857,"href":"https:\/\/www.arctik.eu\/fr\/wp-json\/wp\/v2\/pages\/1596\/revisions\/1857"}],"wp:attachment":[{"href":"https:\/\/www.arctik.eu\/fr\/wp-json\/wp\/v2\/media?parent=1596"}],"curies":[{"name":"wp","href":"https:\/\/api.w.org\/{rel}","templated":true}]}}