{"id":1640,"date":"2021-03-23T13:00:38","date_gmt":"2021-03-23T12:00:38","guid":{"rendered":"https:\/\/www.arctik.eu\/case-studies\/"},"modified":"2023-02-14T09:29:07","modified_gmt":"2023-02-14T08:29:07","slug":"nos-realisations","status":"publish","type":"page","link":"https:\/\/www.arctik.eu\/fr\/nos-realisations\/","title":{"rendered":"Nos r\u00e9alisations"},"content":{"rendered":"\t\t<div data-elementor-type=\"wp-page\" data-elementor-id=\"1640\" class=\"elementor elementor-1640\" data-elementor-post-type=\"page\">\n\t\t\t\t\t\t<section class=\"elementor-section elementor-top-section elementor-element elementor-element-3ebde49 elementor-section-full_width elementor-section-height-default elementor-section-height-default\" data-id=\"3ebde49\" data-element_type=\"section\">\n\t\t\t\t\t\t<div class=\"elementor-container elementor-column-gap-default\">\n\t\t\t\t\t<div class=\"elementor-column elementor-col-100 elementor-top-column elementor-element elementor-element-c6387b8\" data-id=\"c6387b8\" data-element_type=\"column\">\n\t\t\t<div class=\"elementor-widget-wrap elementor-element-populated\">\n\t\t\t\t\t\t<div class=\"elementor-element elementor-element-cec7c3d nopt elementor-widget elementor-widget-arctik-floating-content\" data-id=\"cec7c3d\" data-element_type=\"widget\" data-widget_type=\"arctik-floating-content.default\">\n\t\t\t\t<div class=\"elementor-widget-container\">\n\t\t\t\t\t<section class=\"picture-floating-content color-red curveno left imgTxt\"><div class=\"site flex\"><figure><img decoding=\"async\" src=\"https:\/\/www.arctik.eu\/wp-content\/uploads\/2022\/03\/arctik-case-studies.png\" title=\"\" alt=\"\" style=\"width: 80%\"><\/figure><div class=\"content\"><h3>Ce que nous faisons pour nos clients et pour l'environnement<\/h3><p>Qu'il s'agisse d'expositions itin\u00e9rantes respectueuses de l'environnement, d'une couverture m\u00e9diatique internationale, ou de conceptions graphiques attrayantes, jetez un \u0153il \u00e0 nos r\u00e9alisations. N'h\u00e9sitez pas \u00e0 nous contacter si vous avez des questions, ou si vous souhaitez tout simplement travailler avec nous.<\/p><\/div><\/div><\/section>\t\t\t\t<\/div>\n\t\t\t\t<\/div>\n\t\t\t\t\t<\/div>\n\t\t<\/div>\n\t\t\t\t\t<\/div>\n\t\t<\/section>\n\t\t\t\t<\/div>\n\t\t","protected":false},"excerpt":{"rendered":"<p>Ce que nous faisons pour nos clients et pour l&rsquo;environnement Qu&rsquo;il s&rsquo;agisse d&rsquo;expositions itin\u00e9rantes respectueuses de l&rsquo;environnement, d&rsquo;une couverture m\u00e9diatique internationale, ou de conceptions graphiques attrayantes, jetez un \u0153il \u00e0 nos r\u00e9alisations. N&rsquo;h\u00e9sitez pas \u00e0 nous contacter si vous avez des questions, ou si vous souhaitez tout simplement travailler avec nous.<\/p>\n","protected":false},"author":1,"featured_media":0,"parent":0,"menu_order":0,"comment_status":"closed","ping_status":"closed","template":"template\/tpl-case-studies.php","meta":{"footnotes":""},"class_list":["post-1640","page","type-page","status-publish","hentry"],"acf":[],"yoast_head":"<!-- This site is optimized with the Yoast SEO Premium plugin v18.1 (Yoast SEO v26.3) - https:\/\/yoast.com\/wordpress\/plugins\/seo\/ -->\n<title>Arctik - Case studies<\/title>\n<meta name=\"description\" content=\"From environmentally friendly roadshows to international media coverage and engaging designs \u2013 have a look through our case studies.\" \/>\n<meta name=\"robots\" content=\"index, follow, max-snippet:-1, max-image-preview:large, max-video-preview:-1\" \/>\n<link rel=\"canonical\" href=\"https:\/\/www.arctik.eu\/case-studies\/\" \/>\n<meta property=\"og:locale\" content=\"fr_FR\" \/>\n<meta property=\"og:type\" content=\"article\" \/>\n<meta property=\"og:title\" content=\"Arctik - Case studies\" \/>\n<meta property=\"og:description\" content=\"From environmentally friendly roadshows to international media coverage and engaging designs \u2013 have a look through our case studies.\" \/>\n<meta property=\"og:url\" content=\"https:\/\/www.arctik.eu\/case-studies\/\" \/>\n<meta property=\"og:site_name\" content=\"Arctik\" \/>\n<meta property=\"article:modified_time\" content=\"2023-02-14T08:29:07+00:00\" \/>\n<meta property=\"og:image\" content=\"https:\/\/www.arctik.eu\/wp-content\/uploads\/2022\/03\/arctik-communication-social-network.jpg\" \/>\n\t<meta property=\"og:image:width\" content=\"1200\" \/>\n\t<meta property=\"og:image:height\" content=\"630\" \/>\n\t<meta property=\"og:image:type\" content=\"image\/jpeg\" \/>\n<meta name=\"twitter:card\" content=\"summary_large_image\" \/>\n<meta name=\"twitter:title\" content=\"Arctik - Case studies\" \/>\n<meta name=\"twitter:description\" content=\"From environmentally friendly roadshows to international media coverage and engaging designs \u2013 have a look through our case studies.\" \/>\n<meta name=\"twitter:image\" content=\"https:\/\/www.arctik.eu\/wp-content\/uploads\/2022\/03\/arctik-communication-social-network.jpg\" \/>\n<meta name=\"twitter:label1\" content=\"Dur\u00e9e de lecture estim\u00e9e\" \/>\n\t<meta name=\"twitter:data1\" content=\"1 minute\" \/>\n<script type=\"application\/ld+json\" class=\"yoast-schema-graph\">{\"@context\":\"https:\/\/schema.org\",\"@graph\":[{\"@type\":\"WebPage\",\"@id\":\"https:\/\/www.arctik.eu\/case-studies\/\",\"url\":\"https:\/\/www.arctik.eu\/case-studies\/\",\"name\":\"Arctik - Case studies\",\"isPartOf\":{\"@id\":\"https:\/\/www.arctik.eu\/#website\"},\"primaryImageOfPage\":{\"@id\":\"https:\/\/www.arctik.eu\/case-studies\/#primaryimage\"},\"image\":{\"@id\":\"https:\/\/www.arctik.eu\/case-studies\/#primaryimage\"},\"thumbnailUrl\":\"https:\/\/www.arctik.eu\/wp-content\/uploads\/2022\/03\/arctik-case-studies.png\",\"datePublished\":\"2021-03-23T12:00:38+00:00\",\"dateModified\":\"2023-02-14T08:29:07+00:00\",\"description\":\"From environmentally friendly roadshows to international media coverage and engaging designs \u2013 have a look through our case studies.\",\"breadcrumb\":{\"@id\":\"https:\/\/www.arctik.eu\/case-studies\/#breadcrumb\"},\"inLanguage\":\"fr-FR\",\"potentialAction\":[{\"@type\":\"ReadAction\",\"target\":[\"https:\/\/www.arctik.eu\/case-studies\/\"]}]},{\"@type\":\"ImageObject\",\"inLanguage\":\"fr-FR\",\"@id\":\"https:\/\/www.arctik.eu\/case-studies\/#primaryimage\",\"url\":\"https:\/\/www.arctik.eu\/wp-content\/uploads\/2022\/03\/arctik-case-studies.png\",\"contentUrl\":\"https:\/\/www.arctik.eu\/wp-content\/uploads\/2022\/03\/arctik-case-studies.png\"},{\"@type\":\"BreadcrumbList\",\"@id\":\"https:\/\/www.arctik.eu\/case-studies\/#breadcrumb\",\"itemListElement\":[{\"@type\":\"ListItem\",\"position\":1,\"name\":\"Home\",\"item\":\"https:\/\/www.arctik.eu\/fr\/homepage\/\"},{\"@type\":\"ListItem\",\"position\":2,\"name\":\"Nos r\u00e9alisations\"}]},{\"@type\":\"WebSite\",\"@id\":\"https:\/\/www.arctik.eu\/#website\",\"url\":\"https:\/\/www.arctik.eu\/\",\"name\":\"Arctik\",\"description\":\"Communication for sustainability\",\"publisher\":{\"@id\":\"https:\/\/www.arctik.eu\/#organization\"},\"potentialAction\":[{\"@type\":\"SearchAction\",\"target\":{\"@type\":\"EntryPoint\",\"urlTemplate\":\"https:\/\/www.arctik.eu\/?s={search_term_string}\"},\"query-input\":{\"@type\":\"PropertyValueSpecification\",\"valueRequired\":true,\"valueName\":\"search_term_string\"}}],\"inLanguage\":\"fr-FR\"},{\"@type\":\"Organization\",\"@id\":\"https:\/\/www.arctik.eu\/#organization\",\"name\":\"Arctik - Communication for Sustainability\",\"url\":\"https:\/\/www.arctik.eu\/\",\"logo\":{\"@type\":\"ImageObject\",\"inLanguage\":\"fr-FR\",\"@id\":\"https:\/\/www.arctik.eu\/#\/schema\/logo\/image\/\",\"url\":\"https:\/\/www.arctik.eu\/wp-content\/uploads\/2022\/03\/arctik-communication-social-network.jpg\",\"contentUrl\":\"https:\/\/www.arctik.eu\/wp-content\/uploads\/2022\/03\/arctik-communication-social-network.jpg\",\"width\":1200,\"height\":630,\"caption\":\"Arctik - Communication for Sustainability\"},\"image\":{\"@id\":\"https:\/\/www.arctik.eu\/#\/schema\/logo\/image\/\"}}]}<\/script>\n<!-- \/ Yoast SEO Premium plugin. -->","yoast_head_json":{"title":"Arctik - Case studies","description":"From environmentally friendly roadshows to international media coverage and engaging designs \u2013 have a look through our case studies.","robots":{"index":"index","follow":"follow","max-snippet":"max-snippet:-1","max-image-preview":"max-image-preview:large","max-video-preview":"max-video-preview:-1"},"canonical":"https:\/\/www.arctik.eu\/case-studies\/","og_locale":"fr_FR","og_type":"article","og_title":"Arctik - Case studies","og_description":"From environmentally friendly roadshows to international media coverage and engaging designs \u2013 have a look through our case studies.","og_url":"https:\/\/www.arctik.eu\/case-studies\/","og_site_name":"Arctik","article_modified_time":"2023-02-14T08:29:07+00:00","og_image":[{"width":1200,"height":630,"url":"https:\/\/www.arctik.eu\/wp-content\/uploads\/2022\/03\/arctik-communication-social-network.jpg","type":"image\/jpeg"}],"twitter_card":"summary_large_image","twitter_title":"Arctik - Case studies","twitter_description":"From environmentally friendly roadshows to international media coverage and engaging designs \u2013 have a look through our case studies.","twitter_image":"https:\/\/www.arctik.eu\/wp-content\/uploads\/2022\/03\/arctik-communication-social-network.jpg","twitter_misc":{"Dur\u00e9e de lecture estim\u00e9e":"1 minute"},"schema":{"@context":"https:\/\/schema.org","@graph":[{"@type":"WebPage","@id":"https:\/\/www.arctik.eu\/case-studies\/","url":"https:\/\/www.arctik.eu\/case-studies\/","name":"Arctik - Case studies","isPartOf":{"@id":"https:\/\/www.arctik.eu\/#website"},"primaryImageOfPage":{"@id":"https:\/\/www.arctik.eu\/case-studies\/#primaryimage"},"image":{"@id":"https:\/\/www.arctik.eu\/case-studies\/#primaryimage"},"thumbnailUrl":"https:\/\/www.arctik.eu\/wp-content\/uploads\/2022\/03\/arctik-case-studies.png","datePublished":"2021-03-23T12:00:38+00:00","dateModified":"2023-02-14T08:29:07+00:00","description":"From environmentally friendly roadshows to international media coverage and engaging designs \u2013 have a look through our case studies.","breadcrumb":{"@id":"https:\/\/www.arctik.eu\/case-studies\/#breadcrumb"},"inLanguage":"fr-FR","potentialAction":[{"@type":"ReadAction","target":["https:\/\/www.arctik.eu\/case-studies\/"]}]},{"@type":"ImageObject","inLanguage":"fr-FR","@id":"https:\/\/www.arctik.eu\/case-studies\/#primaryimage","url":"https:\/\/www.arctik.eu\/wp-content\/uploads\/2022\/03\/arctik-case-studies.png","contentUrl":"https:\/\/www.arctik.eu\/wp-content\/uploads\/2022\/03\/arctik-case-studies.png"},{"@type":"BreadcrumbList","@id":"https:\/\/www.arctik.eu\/case-studies\/#breadcrumb","itemListElement":[{"@type":"ListItem","position":1,"name":"Home","item":"https:\/\/www.arctik.eu\/fr\/homepage\/"},{"@type":"ListItem","position":2,"name":"Nos r\u00e9alisations"}]},{"@type":"WebSite","@id":"https:\/\/www.arctik.eu\/#website","url":"https:\/\/www.arctik.eu\/","name":"Arctik","description":"Communication for sustainability","publisher":{"@id":"https:\/\/www.arctik.eu\/#organization"},"potentialAction":[{"@type":"SearchAction","target":{"@type":"EntryPoint","urlTemplate":"https:\/\/www.arctik.eu\/?s={search_term_string}"},"query-input":{"@type":"PropertyValueSpecification","valueRequired":true,"valueName":"search_term_string"}}],"inLanguage":"fr-FR"},{"@type":"Organization","@id":"https:\/\/www.arctik.eu\/#organization","name":"Arctik - Communication for Sustainability","url":"https:\/\/www.arctik.eu\/","logo":{"@type":"ImageObject","inLanguage":"fr-FR","@id":"https:\/\/www.arctik.eu\/#\/schema\/logo\/image\/","url":"https:\/\/www.arctik.eu\/wp-content\/uploads\/2022\/03\/arctik-communication-social-network.jpg","contentUrl":"https:\/\/www.arctik.eu\/wp-content\/uploads\/2022\/03\/arctik-communication-social-network.jpg","width":1200,"height":630,"caption":"Arctik - Communication for Sustainability"},"image":{"@id":"https:\/\/www.arctik.eu\/#\/schema\/logo\/image\/"}}]}},"_links":{"self":[{"href":"https:\/\/www.arctik.eu\/fr\/wp-json\/wp\/v2\/pages\/1640","targetHints":{"allow":["GET"]}}],"collection":[{"href":"https:\/\/www.arctik.eu\/fr\/wp-json\/wp\/v2\/pages"}],"about":[{"href":"https:\/\/www.arctik.eu\/fr\/wp-json\/wp\/v2\/types\/page"}],"author":[{"embeddable":true,"href":"https:\/\/www.arctik.eu\/fr\/wp-json\/wp\/v2\/users\/1"}],"replies":[{"embeddable":true,"href":"https:\/\/www.arctik.eu\/fr\/wp-json\/wp\/v2\/comments?post=1640"}],"version-history":[{"count":10,"href":"https:\/\/www.arctik.eu\/fr\/wp-json\/wp\/v2\/pages\/1640\/revisions"}],"predecessor-version":[{"id":1872,"href":"https:\/\/www.arctik.eu\/fr\/wp-json\/wp\/v2\/pages\/1640\/revisions\/1872"}],"wp:attachment":[{"href":"https:\/\/www.arctik.eu\/fr\/wp-json\/wp\/v2\/media?parent=1640"}],"curies":[{"name":"wp","href":"https:\/\/api.w.org\/{rel}","templated":true}]}}