{"id":1770,"date":"2022-01-26T15:53:19","date_gmt":"2022-01-26T14:53:19","guid":{"rendered":"https:\/\/www.arctik.eu\/video-portfolio\/"},"modified":"2023-02-12T11:08:21","modified_gmt":"2023-02-12T10:08:21","slug":"video-portfolio","status":"publish","type":"page","link":"https:\/\/www.arctik.eu\/fr\/video-portfolio\/","title":{"rendered":"Video portfolio"},"content":{"rendered":"\t\t<div data-elementor-type=\"wp-page\" data-elementor-id=\"1770\" class=\"elementor elementor-1770\" data-elementor-post-type=\"page\">\n\t\t\t\t\t\t<section class=\"elementor-section elementor-top-section elementor-element elementor-element-5bcb81b elementor-section-full_width elementor-section-height-default elementor-section-height-default\" data-id=\"5bcb81b\" data-element_type=\"section\">\n\t\t\t\t\t\t<div class=\"elementor-container elementor-column-gap-default\">\n\t\t\t\t\t<div class=\"elementor-column elementor-col-100 elementor-top-column elementor-element elementor-element-7b0c0b4 nopt\" data-id=\"7b0c0b4\" data-element_type=\"column\">\n\t\t\t<div class=\"elementor-widget-wrap elementor-element-populated\">\n\t\t\t\t\t\t<div class=\"elementor-element elementor-element-d499dc3 elementor-widget elementor-widget-arctik-floating-content\" data-id=\"d499dc3\" data-element_type=\"widget\" data-widget_type=\"arctik-floating-content.default\">\n\t\t\t\t<div class=\"elementor-widget-container\">\n\t\t\t\t\t<section class=\"picture-floating-content color-green curveno left imgTxt\"><div class=\"site flex\"><figure><img decoding=\"async\" src=\"https:\/\/www.arctik.eu\/wp-content\/uploads\/2022\/03\/arctik-A-digital-water-city-branding-video-website-1.png\" title=\"\" alt=\"\" style=\"width: 80%\"><\/figure><div class=\"content\"><h3>Du sc\u00e9nario \u00e0 l'\u00e9cran<\/h3><p>Nous aimons aller droit au but et tenons le rythme, afin de capter l\u2019attention de votre public jusqu\u2019\u00e0 ce que votre message soit bien pass\u00e9.<\/p><p>Nos savoir-faire :<\/p><ul><li>De courtes vid\u00e9os et GIF pour les m\u00e9dias sociaux<\/li><li>Des teasers et r\u00e9sum\u00e9s d'\u00e9v\u00e9nements<\/li><li>Des interviews pour la communication interne et externe<\/li><li>Des vid\u00e9os explicatives de formation<\/li><li>Du motion design et de la 3D<\/li><li>Des rapports vid\u00e9o<\/li><li>Des interviews documentaires<\/li><\/ul><\/div><\/div><\/section>\t\t\t\t<\/div>\n\t\t\t\t<\/div>\n\t\t\t\t\t<\/div>\n\t\t<\/div>\n\t\t\t\t\t<\/div>\n\t\t<\/section>\n\t\t\t\t<\/div>\n\t\t","protected":false},"excerpt":{"rendered":"<p>Du sc\u00e9nario \u00e0 l&rsquo;\u00e9cran Nous aimons aller droit au but et tenons le rythme, afin de capter l\u2019attention de votre public jusqu\u2019\u00e0 ce que votre message soit bien pass\u00e9. Nos savoir-faire : De courtes vid\u00e9os et GIF pour les m\u00e9dias sociaux Des teasers et r\u00e9sum\u00e9s d&rsquo;\u00e9v\u00e9nements Des interviews pour la communication interne et externe Des [&hellip;]<\/p>\n","protected":false},"author":1,"featured_media":0,"parent":0,"menu_order":0,"comment_status":"closed","ping_status":"closed","template":"","meta":{"footnotes":""},"class_list":["post-1770","page","type-page","status-publish","hentry"],"acf":[],"yoast_head":"<!-- This site is optimized with the Yoast SEO Premium plugin v18.1 (Yoast SEO v26.3) - https:\/\/yoast.com\/wordpress\/plugins\/seo\/ -->\n<title>Video portfolio - Arctik<\/title>\n<meta name=\"robots\" content=\"index, follow, max-snippet:-1, max-image-preview:large, max-video-preview:-1\" \/>\n<link rel=\"canonical\" href=\"https:\/\/www.arctik.eu\/video-portfolio\/\" \/>\n<meta property=\"og:locale\" content=\"fr_FR\" \/>\n<meta property=\"og:type\" content=\"article\" \/>\n<meta property=\"og:title\" content=\"Video portfolio\" \/>\n<meta property=\"og:description\" content=\"Du sc\u00e9nario \u00e0 l&rsquo;\u00e9cran Nous aimons aller droit au but et tenons le rythme, afin de capter l\u2019attention de votre public jusqu\u2019\u00e0 ce que votre message soit bien pass\u00e9. Nos savoir-faire : De courtes vid\u00e9os et GIF pour les m\u00e9dias sociaux Des teasers et r\u00e9sum\u00e9s d&rsquo;\u00e9v\u00e9nements Des interviews pour la communication interne et externe Des [&hellip;]\" \/>\n<meta property=\"og:url\" content=\"https:\/\/www.arctik.eu\/video-portfolio\/\" \/>\n<meta property=\"og:site_name\" content=\"Arctik\" \/>\n<meta property=\"article:modified_time\" content=\"2023-02-12T10:08:21+00:00\" \/>\n<meta property=\"og:image\" content=\"https:\/\/www.arctik.eu\/wp-content\/uploads\/2022\/03\/arctik-A-digital-water-city-branding-video-website-1.png\" \/>\n<meta name=\"twitter:card\" content=\"summary_large_image\" \/>\n<script type=\"application\/ld+json\" class=\"yoast-schema-graph\">{\"@context\":\"https:\/\/schema.org\",\"@graph\":[{\"@type\":\"WebPage\",\"@id\":\"https:\/\/www.arctik.eu\/video-portfolio\/\",\"url\":\"https:\/\/www.arctik.eu\/video-portfolio\/\",\"name\":\"Video portfolio - Arctik\",\"isPartOf\":{\"@id\":\"https:\/\/www.arctik.eu\/#website\"},\"primaryImageOfPage\":{\"@id\":\"https:\/\/www.arctik.eu\/video-portfolio\/#primaryimage\"},\"image\":{\"@id\":\"https:\/\/www.arctik.eu\/video-portfolio\/#primaryimage\"},\"thumbnailUrl\":\"https:\/\/www.arctik.eu\/wp-content\/uploads\/2022\/03\/arctik-A-digital-water-city-branding-video-website-1.png\",\"datePublished\":\"2022-01-26T14:53:19+00:00\",\"dateModified\":\"2023-02-12T10:08:21+00:00\",\"breadcrumb\":{\"@id\":\"https:\/\/www.arctik.eu\/video-portfolio\/#breadcrumb\"},\"inLanguage\":\"fr-FR\",\"potentialAction\":[{\"@type\":\"ReadAction\",\"target\":[\"https:\/\/www.arctik.eu\/video-portfolio\/\"]}]},{\"@type\":\"ImageObject\",\"inLanguage\":\"fr-FR\",\"@id\":\"https:\/\/www.arctik.eu\/video-portfolio\/#primaryimage\",\"url\":\"https:\/\/www.arctik.eu\/wp-content\/uploads\/2022\/03\/arctik-A-digital-water-city-branding-video-website-1.png\",\"contentUrl\":\"https:\/\/www.arctik.eu\/wp-content\/uploads\/2022\/03\/arctik-A-digital-water-city-branding-video-website-1.png\"},{\"@type\":\"BreadcrumbList\",\"@id\":\"https:\/\/www.arctik.eu\/video-portfolio\/#breadcrumb\",\"itemListElement\":[{\"@type\":\"ListItem\",\"position\":1,\"name\":\"Home\",\"item\":\"https:\/\/www.arctik.eu\/fr\/homepage\/\"},{\"@type\":\"ListItem\",\"position\":2,\"name\":\"Video portfolio\"}]},{\"@type\":\"WebSite\",\"@id\":\"https:\/\/www.arctik.eu\/#website\",\"url\":\"https:\/\/www.arctik.eu\/\",\"name\":\"Arctik\",\"description\":\"Communication for sustainability\",\"publisher\":{\"@id\":\"https:\/\/www.arctik.eu\/#organization\"},\"potentialAction\":[{\"@type\":\"SearchAction\",\"target\":{\"@type\":\"EntryPoint\",\"urlTemplate\":\"https:\/\/www.arctik.eu\/?s={search_term_string}\"},\"query-input\":{\"@type\":\"PropertyValueSpecification\",\"valueRequired\":true,\"valueName\":\"search_term_string\"}}],\"inLanguage\":\"fr-FR\"},{\"@type\":\"Organization\",\"@id\":\"https:\/\/www.arctik.eu\/#organization\",\"name\":\"Arctik - Communication for Sustainability\",\"url\":\"https:\/\/www.arctik.eu\/\",\"logo\":{\"@type\":\"ImageObject\",\"inLanguage\":\"fr-FR\",\"@id\":\"https:\/\/www.arctik.eu\/#\/schema\/logo\/image\/\",\"url\":\"https:\/\/www.arctik.eu\/wp-content\/uploads\/2022\/03\/arctik-communication-social-network.jpg\",\"contentUrl\":\"https:\/\/www.arctik.eu\/wp-content\/uploads\/2022\/03\/arctik-communication-social-network.jpg\",\"width\":1200,\"height\":630,\"caption\":\"Arctik - Communication for Sustainability\"},\"image\":{\"@id\":\"https:\/\/www.arctik.eu\/#\/schema\/logo\/image\/\"}}]}<\/script>\n<!-- \/ Yoast SEO Premium plugin. -->","yoast_head_json":{"title":"Video portfolio - Arctik","robots":{"index":"index","follow":"follow","max-snippet":"max-snippet:-1","max-image-preview":"max-image-preview:large","max-video-preview":"max-video-preview:-1"},"canonical":"https:\/\/www.arctik.eu\/video-portfolio\/","og_locale":"fr_FR","og_type":"article","og_title":"Video portfolio","og_description":"Du sc\u00e9nario \u00e0 l&rsquo;\u00e9cran Nous aimons aller droit au but et tenons le rythme, afin de capter l\u2019attention de votre public jusqu\u2019\u00e0 ce que votre message soit bien pass\u00e9. Nos savoir-faire : De courtes vid\u00e9os et GIF pour les m\u00e9dias sociaux Des teasers et r\u00e9sum\u00e9s d&rsquo;\u00e9v\u00e9nements Des interviews pour la communication interne et externe Des [&hellip;]","og_url":"https:\/\/www.arctik.eu\/video-portfolio\/","og_site_name":"Arctik","article_modified_time":"2023-02-12T10:08:21+00:00","og_image":[{"url":"https:\/\/www.arctik.eu\/wp-content\/uploads\/2022\/03\/arctik-A-digital-water-city-branding-video-website-1.png","type":"","width":"","height":""}],"twitter_card":"summary_large_image","schema":{"@context":"https:\/\/schema.org","@graph":[{"@type":"WebPage","@id":"https:\/\/www.arctik.eu\/video-portfolio\/","url":"https:\/\/www.arctik.eu\/video-portfolio\/","name":"Video portfolio - Arctik","isPartOf":{"@id":"https:\/\/www.arctik.eu\/#website"},"primaryImageOfPage":{"@id":"https:\/\/www.arctik.eu\/video-portfolio\/#primaryimage"},"image":{"@id":"https:\/\/www.arctik.eu\/video-portfolio\/#primaryimage"},"thumbnailUrl":"https:\/\/www.arctik.eu\/wp-content\/uploads\/2022\/03\/arctik-A-digital-water-city-branding-video-website-1.png","datePublished":"2022-01-26T14:53:19+00:00","dateModified":"2023-02-12T10:08:21+00:00","breadcrumb":{"@id":"https:\/\/www.arctik.eu\/video-portfolio\/#breadcrumb"},"inLanguage":"fr-FR","potentialAction":[{"@type":"ReadAction","target":["https:\/\/www.arctik.eu\/video-portfolio\/"]}]},{"@type":"ImageObject","inLanguage":"fr-FR","@id":"https:\/\/www.arctik.eu\/video-portfolio\/#primaryimage","url":"https:\/\/www.arctik.eu\/wp-content\/uploads\/2022\/03\/arctik-A-digital-water-city-branding-video-website-1.png","contentUrl":"https:\/\/www.arctik.eu\/wp-content\/uploads\/2022\/03\/arctik-A-digital-water-city-branding-video-website-1.png"},{"@type":"BreadcrumbList","@id":"https:\/\/www.arctik.eu\/video-portfolio\/#breadcrumb","itemListElement":[{"@type":"ListItem","position":1,"name":"Home","item":"https:\/\/www.arctik.eu\/fr\/homepage\/"},{"@type":"ListItem","position":2,"name":"Video portfolio"}]},{"@type":"WebSite","@id":"https:\/\/www.arctik.eu\/#website","url":"https:\/\/www.arctik.eu\/","name":"Arctik","description":"Communication for sustainability","publisher":{"@id":"https:\/\/www.arctik.eu\/#organization"},"potentialAction":[{"@type":"SearchAction","target":{"@type":"EntryPoint","urlTemplate":"https:\/\/www.arctik.eu\/?s={search_term_string}"},"query-input":{"@type":"PropertyValueSpecification","valueRequired":true,"valueName":"search_term_string"}}],"inLanguage":"fr-FR"},{"@type":"Organization","@id":"https:\/\/www.arctik.eu\/#organization","name":"Arctik - Communication for Sustainability","url":"https:\/\/www.arctik.eu\/","logo":{"@type":"ImageObject","inLanguage":"fr-FR","@id":"https:\/\/www.arctik.eu\/#\/schema\/logo\/image\/","url":"https:\/\/www.arctik.eu\/wp-content\/uploads\/2022\/03\/arctik-communication-social-network.jpg","contentUrl":"https:\/\/www.arctik.eu\/wp-content\/uploads\/2022\/03\/arctik-communication-social-network.jpg","width":1200,"height":630,"caption":"Arctik - Communication for Sustainability"},"image":{"@id":"https:\/\/www.arctik.eu\/#\/schema\/logo\/image\/"}}]}},"_links":{"self":[{"href":"https:\/\/www.arctik.eu\/fr\/wp-json\/wp\/v2\/pages\/1770","targetHints":{"allow":["GET"]}}],"collection":[{"href":"https:\/\/www.arctik.eu\/fr\/wp-json\/wp\/v2\/pages"}],"about":[{"href":"https:\/\/www.arctik.eu\/fr\/wp-json\/wp\/v2\/types\/page"}],"author":[{"embeddable":true,"href":"https:\/\/www.arctik.eu\/fr\/wp-json\/wp\/v2\/users\/1"}],"replies":[{"embeddable":true,"href":"https:\/\/www.arctik.eu\/fr\/wp-json\/wp\/v2\/comments?post=1770"}],"version-history":[{"count":4,"href":"https:\/\/www.arctik.eu\/fr\/wp-json\/wp\/v2\/pages\/1770\/revisions"}],"predecessor-version":[{"id":1774,"href":"https:\/\/www.arctik.eu\/fr\/wp-json\/wp\/v2\/pages\/1770\/revisions\/1774"}],"wp:attachment":[{"href":"https:\/\/www.arctik.eu\/fr\/wp-json\/wp\/v2\/media?parent=1770"}],"curies":[{"name":"wp","href":"https:\/\/api.w.org\/{rel}","templated":true}]}}