{"id":4031,"date":"2026-02-04T14:33:03","date_gmt":"2026-02-04T13:33:03","guid":{"rendered":"https:\/\/www.arctik.eu\/?page_id=4031"},"modified":"2026-02-04T14:42:03","modified_gmt":"2026-02-04T13:42:03","slug":"comment-rejoindre-nos-bureaux","status":"publish","type":"page","link":"https:\/\/www.arctik.eu\/fr\/comment-rejoindre-nos-bureaux\/","title":{"rendered":"Comment\u00a0rejoindre\u00a0nos\u00a0bureaux"},"content":{"rendered":"\t\t<div data-elementor-type=\"wp-page\" data-elementor-id=\"4031\" class=\"elementor elementor-4031\" data-elementor-post-type=\"page\">\n\t\t\t\t\t\t<section class=\"elementor-section elementor-top-section elementor-element elementor-element-a57e61c elementor-section-boxed elementor-section-height-default elementor-section-height-default\" data-id=\"a57e61c\" data-element_type=\"section\">\n\t\t\t\t\t\t<div class=\"elementor-container elementor-column-gap-default\">\n\t\t\t\t\t<div class=\"elementor-column elementor-col-100 elementor-top-column elementor-element elementor-element-443afe3\" data-id=\"443afe3\" data-element_type=\"column\">\n\t\t\t<div class=\"elementor-widget-wrap elementor-element-populated\">\n\t\t\t\t\t\t<div class=\"elementor-element elementor-element-43e8095 elementor-widget elementor-widget-text-editor\" data-id=\"43e8095\" data-element_type=\"widget\" data-widget_type=\"text-editor.default\">\n\t\t\t\t<div class=\"elementor-widget-container\">\n\t\t\t\t\t\t\t\t\t<p><span style=\"color: #ffffff;\"><span class=\"TextRun SCXW177233565 BCX0\" lang=\"FR-FR\" xml:lang=\"FR-FR\" data-contrast=\"auto\"><span class=\"NormalTextRun SCXW177233565 BCX0\">Install\u00e9s \u00e0 l\u2019est de Bruxelles, non loin du quartier europ\u00e9en, nos bureaux sont facilement accessibles en\u00a0<\/span><\/span><span class=\"TextRun MacChromeBold SCXW177233565 BCX0\" lang=\"FR-FR\" xml:lang=\"FR-FR\" data-contrast=\"auto\"><span class=\"NormalTextRun SCXW177233565 BCX0\"><strong>transports en commun<\/strong>. <span class=\"TextRun SCXW229422265 BCX0\" lang=\"FR-FR\" xml:lang=\"FR-FR\" data-contrast=\"auto\"><span class=\"NormalTextRun SCXW229422265 BCX0\">Ils se trouvent \u00e0 deux pas de la station multimodale\u00a0<\/span><\/span><a class=\"Hyperlink SCXW229422265 BCX0\" style=\"color: #ffffff;\" href=\"https:\/\/www.stib-mivb.be\/accueil\/voyager\/temps-reel\/arrets?stop=90634\" target=\"_blank\" rel=\"noreferrer noopener\"><span class=\"TextRun Underlined SCXW229422265 BCX0\" lang=\"FR-FR\" xml:lang=\"FR-FR\" data-contrast=\"none\"><span class=\"NormalTextRun SCXW229422265 BCX0\" data-ccp-charstyle=\"Hyperlink\">Montgomery<\/span><\/span><\/a><span class=\"TextRun SCXW229422265 BCX0\" lang=\"FR-FR\" xml:lang=\"FR-FR\" data-contrast=\"auto\"><span class=\"NormalTextRun SCXW229422265 BCX0\">, desservie par :<\/span><\/span><span class=\"EOP SCXW229422265 BCX0\" data-ccp-props=\"{}\">\u00a0<\/span><\/span><\/span><\/span><\/p><p>\u00a0<\/p><ul><li aria-setsize=\"-1\" data-leveltext=\"-\" data-font=\"Aptos\" data-listid=\"1\" data-list-defn-props=\"{&quot;335552541&quot;:1,&quot;335559685&quot;:720,&quot;335559991&quot;:360,&quot;469769226&quot;:&quot;Aptos&quot;,&quot;469769242&quot;:[8226],&quot;469777803&quot;:&quot;left&quot;,&quot;469777804&quot;:&quot;-&quot;,&quot;469777815&quot;:&quot;hybridMultilevel&quot;}\" data-aria-posinset=\"1\" data-aria-level=\"1\"><span style=\"color: #ffffff;\">Le m\u00e9tro ligne\u00a0<a style=\"color: #ffffff;\" href=\"https:\/\/www.stib-mivb.be\/accueil\/voyager\/temps-reel\/lignes?line=1&amp;direction=f\">1<\/a>\u00a0\u00a0<\/span><\/li><li aria-setsize=\"-1\" data-leveltext=\"-\" data-font=\"Aptos\" data-listid=\"1\" data-list-defn-props=\"{&quot;335552541&quot;:1,&quot;335559685&quot;:720,&quot;335559991&quot;:360,&quot;469769226&quot;:&quot;Aptos&quot;,&quot;469769242&quot;:[8226],&quot;469777803&quot;:&quot;left&quot;,&quot;469777804&quot;:&quot;-&quot;,&quot;469777815&quot;:&quot;hybridMultilevel&quot;}\" data-aria-posinset=\"1\" data-aria-level=\"1\"><span style=\"color: #ffffff;\">Le tram ligne\u00a0<a style=\"color: #ffffff;\" href=\"https:\/\/www.stib-mivb.be\/accueil\/voyager\/temps-reel\/arrets?line=7&amp;direction=v&amp;stop=0801\">7<\/a>,\u00a0<a style=\"color: #ffffff;\" href=\"https:\/\/www.stib-mivb.be\/accueil\/voyager\/temps-reel\/arrets?stop=0801&amp;direction=v&amp;line=25\">25<\/a>,\u00a0<a style=\"color: #ffffff;\" href=\"https:\/\/www.stib-mivb.be\/accueil\/voyager\/temps-reel\/arrets?stop=0089&amp;direction=v&amp;line=39\">39<\/a>,\u00a0<a style=\"color: #ffffff;\" href=\"https:\/\/www.stib-mivb.be\/accueil\/voyager\/temps-reel\/arrets?stop=0089&amp;direction=v&amp;line=44\">44<\/a>\u00a0et\u00a0<a style=\"color: #ffffff;\" href=\"https:\/\/www.stib-mivb.be\/accueil\/voyager\/temps-reel\/arrets?line=81&amp;direction=f&amp;stop=2285G\">81<\/a>\u00a0<\/span><\/li><li aria-setsize=\"-1\" data-leveltext=\"-\" data-font=\"Aptos\" data-listid=\"1\" data-list-defn-props=\"{&quot;335552541&quot;:1,&quot;335559685&quot;:720,&quot;335559991&quot;:360,&quot;469769226&quot;:&quot;Aptos&quot;,&quot;469769242&quot;:[8226],&quot;469777803&quot;:&quot;left&quot;,&quot;469777804&quot;:&quot;-&quot;,&quot;469777815&quot;:&quot;hybridMultilevel&quot;}\" data-aria-posinset=\"1\" data-aria-level=\"1\"><span style=\"color: #ffffff;\">Bus\u00a0<a style=\"color: #ffffff;\" href=\"https:\/\/www.stib-mivb.be\/accueil\/voyager\/temps-reel\/arrets?stop=2287&amp;direction=v&amp;line=27\">27<\/a>,\u00a0<a style=\"color: #ffffff;\" href=\"https:\/\/www.stib-mivb.be\/accueil\/voyager\/temps-reel\/arrets?line=61&amp;direction=f&amp;stop=2283\">61<\/a>\u00a0et\u00a0<a style=\"color: #ffffff;\" href=\"https:\/\/www.stib-mivb.be\/accueil\/voyager\/temps-reel\/arrets?line=80&amp;direction=f&amp;stop=2283\">80<\/a>\u00a0\u00a0<\/span><\/li><\/ul><p><span style=\"color: #ffffff;\">\u00c0 une petite dizaine de minutes \u00e0 pied de la station de m\u00e9tro\u00a0<a style=\"color: #ffffff;\" href=\"https:\/\/www.stib-mivb.be\/accueil\/voyager\/temps-reel\/arrets?stop=90614\">Merode<\/a>\u00a0(ligne\u00a0<a style=\"color: #ffffff;\" href=\"https:\/\/www.stib-mivb.be\/accueil\/voyager\/temps-reel\/lignes?line=1&amp;direction=f\">1<\/a>\u00a0et\u00a0<a style=\"color: #ffffff;\" href=\"https:\/\/www.stib-mivb.be\/accueil\/voyager\/temps-reel\/arrets?line=5&amp;direction=f&amp;stop=8072\">5<\/a>).<\/span><\/p><p><span style=\"color: #ffffff;\">Nous disposons \u00e9galement d\u2019un\u00a0<b>parking v\u00e9lo<\/b>\u00a0int\u00e9rieur et s\u00e9curis\u00e9, n\u2019h\u00e9sitez \u00e0 nous contacter avant votre venue pour pouvoir organiser votre venue.\u00a0<\/span><span data-ccp-props=\"{}\">\u00a0<\/span><\/p><p>\u00a0<\/p><p>\u00a0<\/p>\t\t\t\t\t\t\t\t<\/div>\n\t\t\t\t<\/div>\n\t\t\t\t\t<\/div>\n\t\t<\/div>\n\t\t\t\t\t<\/div>\n\t\t<\/section>\n\t\t\t\t<\/div>\n\t\t","protected":false},"excerpt":{"rendered":"<p>Install\u00e9s \u00e0 l\u2019est de Bruxelles, non loin du quartier europ\u00e9en, nos bureaux sont facilement accessibles en\u00a0transports en commun. Ils se trouvent \u00e0 deux pas de la station multimodale\u00a0Montgomery, desservie par :\u00a0 \u00a0 Le m\u00e9tro ligne\u00a01\u00a0\u00a0 Le tram ligne\u00a07,\u00a025,\u00a039,\u00a044\u00a0et\u00a081\u00a0 Bus\u00a027,\u00a061\u00a0et\u00a080\u00a0\u00a0 \u00c0 une petite dizaine de minutes \u00e0 pied de la station de m\u00e9tro\u00a0Merode\u00a0(ligne\u00a01\u00a0et\u00a05). Nous disposons \u00e9galement [&hellip;]<\/p>\n","protected":false},"author":7,"featured_media":0,"parent":0,"menu_order":0,"comment_status":"closed","ping_status":"closed","template":"","meta":{"footnotes":""},"class_list":["post-4031","page","type-page","status-publish","hentry"],"acf":[],"yoast_head":"<!-- This site is optimized with the Yoast SEO Premium plugin v18.1 (Yoast SEO v26.3) - https:\/\/yoast.com\/wordpress\/plugins\/seo\/ -->\n<title>Comment\u00a0rejoindre\u00a0nos\u00a0bureaux - Arctik<\/title>\n<meta name=\"robots\" content=\"index, follow, max-snippet:-1, max-image-preview:large, max-video-preview:-1\" \/>\n<link rel=\"canonical\" href=\"https:\/\/www.arctik.eu\/how-to-get-to-our-offices\/\" \/>\n<meta property=\"og:locale\" content=\"fr_FR\" \/>\n<meta property=\"og:type\" content=\"article\" \/>\n<meta property=\"og:title\" content=\"Comment\u00a0rejoindre\u00a0nos\u00a0bureaux\" \/>\n<meta property=\"og:description\" content=\"Install\u00e9s \u00e0 l\u2019est de Bruxelles, non loin du quartier europ\u00e9en, nos bureaux sont facilement accessibles en\u00a0transports en commun. Ils se trouvent \u00e0 deux pas de la station multimodale\u00a0Montgomery, desservie par :\u00a0 \u00a0 Le m\u00e9tro ligne\u00a01\u00a0\u00a0 Le tram ligne\u00a07,\u00a025,\u00a039,\u00a044\u00a0et\u00a081\u00a0 Bus\u00a027,\u00a061\u00a0et\u00a080\u00a0\u00a0 \u00c0 une petite dizaine de minutes \u00e0 pied de la station de m\u00e9tro\u00a0Merode\u00a0(ligne\u00a01\u00a0et\u00a05). Nous disposons \u00e9galement [&hellip;]\" \/>\n<meta property=\"og:url\" content=\"https:\/\/www.arctik.eu\/how-to-get-to-our-offices\/\" \/>\n<meta property=\"og:site_name\" content=\"Arctik\" \/>\n<meta property=\"article:modified_time\" content=\"2026-02-04T13:42:03+00:00\" \/>\n<meta name=\"twitter:card\" content=\"summary_large_image\" \/>\n<script type=\"application\/ld+json\" class=\"yoast-schema-graph\">{\"@context\":\"https:\/\/schema.org\",\"@graph\":[{\"@type\":\"WebPage\",\"@id\":\"https:\/\/www.arctik.eu\/how-to-get-to-our-offices\/\",\"url\":\"https:\/\/www.arctik.eu\/how-to-get-to-our-offices\/\",\"name\":\"Comment\u00a0rejoindre\u00a0nos\u00a0bureaux - Arctik\",\"isPartOf\":{\"@id\":\"https:\/\/www.arctik.eu\/#website\"},\"datePublished\":\"2026-02-04T13:33:03+00:00\",\"dateModified\":\"2026-02-04T13:42:03+00:00\",\"breadcrumb\":{\"@id\":\"https:\/\/www.arctik.eu\/how-to-get-to-our-offices\/#breadcrumb\"},\"inLanguage\":\"fr-FR\",\"potentialAction\":[{\"@type\":\"ReadAction\",\"target\":[\"https:\/\/www.arctik.eu\/how-to-get-to-our-offices\/\"]}]},{\"@type\":\"BreadcrumbList\",\"@id\":\"https:\/\/www.arctik.eu\/how-to-get-to-our-offices\/#breadcrumb\",\"itemListElement\":[{\"@type\":\"ListItem\",\"position\":1,\"name\":\"Home\",\"item\":\"https:\/\/www.arctik.eu\/fr\/homepage\/\"},{\"@type\":\"ListItem\",\"position\":2,\"name\":\"Comment\u00a0rejoindre\u00a0nos\u00a0bureaux\"}]},{\"@type\":\"WebSite\",\"@id\":\"https:\/\/www.arctik.eu\/#website\",\"url\":\"https:\/\/www.arctik.eu\/\",\"name\":\"Arctik\",\"description\":\"Communication for sustainability\",\"publisher\":{\"@id\":\"https:\/\/www.arctik.eu\/#organization\"},\"potentialAction\":[{\"@type\":\"SearchAction\",\"target\":{\"@type\":\"EntryPoint\",\"urlTemplate\":\"https:\/\/www.arctik.eu\/?s={search_term_string}\"},\"query-input\":{\"@type\":\"PropertyValueSpecification\",\"valueRequired\":true,\"valueName\":\"search_term_string\"}}],\"inLanguage\":\"fr-FR\"},{\"@type\":\"Organization\",\"@id\":\"https:\/\/www.arctik.eu\/#organization\",\"name\":\"Arctik - Communication for Sustainability\",\"url\":\"https:\/\/www.arctik.eu\/\",\"logo\":{\"@type\":\"ImageObject\",\"inLanguage\":\"fr-FR\",\"@id\":\"https:\/\/www.arctik.eu\/#\/schema\/logo\/image\/\",\"url\":\"https:\/\/www.arctik.eu\/wp-content\/uploads\/2022\/03\/arctik-communication-social-network.jpg\",\"contentUrl\":\"https:\/\/www.arctik.eu\/wp-content\/uploads\/2022\/03\/arctik-communication-social-network.jpg\",\"width\":1200,\"height\":630,\"caption\":\"Arctik - Communication for Sustainability\"},\"image\":{\"@id\":\"https:\/\/www.arctik.eu\/#\/schema\/logo\/image\/\"}}]}<\/script>\n<!-- \/ Yoast SEO Premium plugin. -->","yoast_head_json":{"title":"Comment\u00a0rejoindre\u00a0nos\u00a0bureaux - Arctik","robots":{"index":"index","follow":"follow","max-snippet":"max-snippet:-1","max-image-preview":"max-image-preview:large","max-video-preview":"max-video-preview:-1"},"canonical":"https:\/\/www.arctik.eu\/how-to-get-to-our-offices\/","og_locale":"fr_FR","og_type":"article","og_title":"Comment\u00a0rejoindre\u00a0nos\u00a0bureaux","og_description":"Install\u00e9s \u00e0 l\u2019est de Bruxelles, non loin du quartier europ\u00e9en, nos bureaux sont facilement accessibles en\u00a0transports en commun. Ils se trouvent \u00e0 deux pas de la station multimodale\u00a0Montgomery, desservie par :\u00a0 \u00a0 Le m\u00e9tro ligne\u00a01\u00a0\u00a0 Le tram ligne\u00a07,\u00a025,\u00a039,\u00a044\u00a0et\u00a081\u00a0 Bus\u00a027,\u00a061\u00a0et\u00a080\u00a0\u00a0 \u00c0 une petite dizaine de minutes \u00e0 pied de la station de m\u00e9tro\u00a0Merode\u00a0(ligne\u00a01\u00a0et\u00a05). Nous disposons \u00e9galement [&hellip;]","og_url":"https:\/\/www.arctik.eu\/how-to-get-to-our-offices\/","og_site_name":"Arctik","article_modified_time":"2026-02-04T13:42:03+00:00","twitter_card":"summary_large_image","schema":{"@context":"https:\/\/schema.org","@graph":[{"@type":"WebPage","@id":"https:\/\/www.arctik.eu\/how-to-get-to-our-offices\/","url":"https:\/\/www.arctik.eu\/how-to-get-to-our-offices\/","name":"Comment\u00a0rejoindre\u00a0nos\u00a0bureaux - Arctik","isPartOf":{"@id":"https:\/\/www.arctik.eu\/#website"},"datePublished":"2026-02-04T13:33:03+00:00","dateModified":"2026-02-04T13:42:03+00:00","breadcrumb":{"@id":"https:\/\/www.arctik.eu\/how-to-get-to-our-offices\/#breadcrumb"},"inLanguage":"fr-FR","potentialAction":[{"@type":"ReadAction","target":["https:\/\/www.arctik.eu\/how-to-get-to-our-offices\/"]}]},{"@type":"BreadcrumbList","@id":"https:\/\/www.arctik.eu\/how-to-get-to-our-offices\/#breadcrumb","itemListElement":[{"@type":"ListItem","position":1,"name":"Home","item":"https:\/\/www.arctik.eu\/fr\/homepage\/"},{"@type":"ListItem","position":2,"name":"Comment\u00a0rejoindre\u00a0nos\u00a0bureaux"}]},{"@type":"WebSite","@id":"https:\/\/www.arctik.eu\/#website","url":"https:\/\/www.arctik.eu\/","name":"Arctik","description":"Communication for sustainability","publisher":{"@id":"https:\/\/www.arctik.eu\/#organization"},"potentialAction":[{"@type":"SearchAction","target":{"@type":"EntryPoint","urlTemplate":"https:\/\/www.arctik.eu\/?s={search_term_string}"},"query-input":{"@type":"PropertyValueSpecification","valueRequired":true,"valueName":"search_term_string"}}],"inLanguage":"fr-FR"},{"@type":"Organization","@id":"https:\/\/www.arctik.eu\/#organization","name":"Arctik - Communication for Sustainability","url":"https:\/\/www.arctik.eu\/","logo":{"@type":"ImageObject","inLanguage":"fr-FR","@id":"https:\/\/www.arctik.eu\/#\/schema\/logo\/image\/","url":"https:\/\/www.arctik.eu\/wp-content\/uploads\/2022\/03\/arctik-communication-social-network.jpg","contentUrl":"https:\/\/www.arctik.eu\/wp-content\/uploads\/2022\/03\/arctik-communication-social-network.jpg","width":1200,"height":630,"caption":"Arctik - Communication for Sustainability"},"image":{"@id":"https:\/\/www.arctik.eu\/#\/schema\/logo\/image\/"}}]}},"_links":{"self":[{"href":"https:\/\/www.arctik.eu\/fr\/wp-json\/wp\/v2\/pages\/4031","targetHints":{"allow":["GET"]}}],"collection":[{"href":"https:\/\/www.arctik.eu\/fr\/wp-json\/wp\/v2\/pages"}],"about":[{"href":"https:\/\/www.arctik.eu\/fr\/wp-json\/wp\/v2\/types\/page"}],"author":[{"embeddable":true,"href":"https:\/\/www.arctik.eu\/fr\/wp-json\/wp\/v2\/users\/7"}],"replies":[{"embeddable":true,"href":"https:\/\/www.arctik.eu\/fr\/wp-json\/wp\/v2\/comments?post=4031"}],"version-history":[{"count":7,"href":"https:\/\/www.arctik.eu\/fr\/wp-json\/wp\/v2\/pages\/4031\/revisions"}],"predecessor-version":[{"id":4038,"href":"https:\/\/www.arctik.eu\/fr\/wp-json\/wp\/v2\/pages\/4031\/revisions\/4038"}],"wp:attachment":[{"href":"https:\/\/www.arctik.eu\/fr\/wp-json\/wp\/v2\/media?parent=4031"}],"curies":[{"name":"wp","href":"https:\/\/api.w.org\/{rel}","templated":true}]}}